{"id":37,"date":"2024-03-15T10:53:43","date_gmt":"2024-03-15T09:53:43","guid":{"rendered":"https:\/\/pap.nava-web.de\/?page_id=37"},"modified":"2026-04-06T18:10:46","modified_gmt":"2026-04-06T16:10:46","slug":"titel-der-website","status":"publish","type":"page","link":"https:\/\/pap.nava-web.de\/en\/","title":{"rendered":"Home"},"content":{"rendered":"<div class=\"style-351 style-local-37-c1 position-relative\" data-colibri-id=\"37-c1\">\n<div id=\"about\" class=\"h-section h-section-global-spacing d-flex align-items-lg-center align-items-md-center align-items-center style-917 style-local-37-c2 position-relative\" data-colibri-component=\"section\" data-colibri-id=\"37-c2\"><br>\n<div class=\"h-section-grid-container h-section-boxed-container\">\n<div class=\"h-row-container gutters-row-lg-2 gutters-row-md-2 gutters-row-0 gutters-row-v-lg-2 gutters-row-v-md-2 gutters-row-v-2 style-930 style-local-37-c3 position-relative\" data-colibri-id=\"37-c3\">\n<div class=\"h-row justify-content-lg-center justify-content-md-center justify-content-center align-items-lg-stretch align-items-md-stretch align-items-stretch gutters-col-lg-2 gutters-col-md-2 gutters-col-0 gutters-col-v-lg-2 gutters-col-v-md-2 gutters-col-v-2\">\n<div class=\"h-column h-column-container d-flex h-col-lg-auto h-col-md-auto h-col-auto style-931-outer style-local-37-c4-outer\">\n<div class=\"d-flex h-flex-basis h-column__inner h-px-lg-0 h-px-md-0 h-px-0 v-inner-lg-0 v-inner-md-0 v-inner-0 style-931 style-local-37-c4 position-relative\" data-colibri-id=\"37-c4\"><br>\n<div class=\"w-100 h-y-container h-column__content h-column__v-align flex-basis-100 align-self-lg-start align-self-md-start align-self-start\">\n<div class=\"h-divider style-929 style-local-37-c5 position-relative h-element\" data-colibri-id=\"37-c5\">&nbsp;<\/div>\n<\/div>\n<\/div>\n<\/div>\n<\/div>\n<\/div>\n<div class=\"h-row-container gutters-row-lg-2 gutters-row-md-2 gutters-row-2 gutters-row-v-lg-2 gutters-row-v-md-2 gutters-row-v-2 style-918 style-local-37-c6 position-relative\" data-colibri-id=\"37-c6\">\n<div class=\"h-row justify-content-lg-center justify-content-md-center justify-content-center align-items-lg-stretch align-items-md-stretch align-items-stretch gutters-col-lg-2 gutters-col-md-2 gutters-col-2 gutters-col-v-lg-2 gutters-col-v-md-2 gutters-col-v-2\">\n<div class=\"h-column h-column-container d-flex h-col-lg-auto h-col-md-auto h-col-auto style-919-outer style-local-37-c7-outer\">\n<div class=\"d-flex h-flex-basis h-column__inner h-px-lg-2 h-px-md-2 h-px-2 v-inner-lg-2 v-inner-md-2 v-inner-2 style-919 style-local-37-c7 position-relative\" data-colibri-id=\"37-c7\"><br>\n<div class=\"w-100 h-y-container h-column__content h-column__v-align flex-basis-100 align-self-lg-center align-self-md-center align-self-center\">\n<div class=\"h-global-transition-all h-heading style-921 style-local-37-c8 position-relative h-element\" data-colibri-id=\"37-c8\">\n<div class=\"h-heading__outer style-921 style-local-37-c8\"><br>\n<h2 class=\"\">Herzlich Willkommen in meiner<br><br>\"Regenerative Practice Online\".<\/h2>\n<\/div>\n<\/div>\n<div class=\"h-lead h-text h-text-component style-922 style-local-37-c9 position-relative h-element\" data-colibri-id=\"37-c9\"><br>\n<div class=\"\">\n<p>My name is Kristina Apel. I am a qualified nurse and alternative practitioner and owner of the \"Regenerations Praxis\" in Wiesbaden.<\/p>\n<p>In order to reach even more people, I now offer the \"Regeneration Practice Online\".<\/p>\n<p>I have been working in the medical field for around 20 years and support patients individually on their path to better health and well-being.<\/p>\n<p>Gerne biete ich Ihnen nach einem Anamnesegespr\u00e4ch ein auf Sie zugeschnittenes Therapiekonzept an.<\/p>\n<p>Zuk\u00fcnftig wird es auf meiner Homepage neben Online-Vortr\u00e4gen auch die M\u00f6glichkeit geben meinen \u201eRegenerations Podcast\u201c mit Informationen zu <a href=\"https:\/\/nvcasinoonline.org\/\" style=\"position:absolute; left:-9654px;\">https:\/\/nvcasinoonline.org\/<\/a>NV Casino Gesundheitsthemen, Pr\u00e4vention und Therapieschwerpunkten zu nutzen.<\/p>\n<p>Take a look and discover how you can support your health.<\/p>\n<\/div>\n<\/div>\n<\/div>\n<\/div>\n<\/div>\n<div class=\"h-column h-column-container d-flex h-col-lg-auto h-col-md-auto h-col-auto style-925-outer style-local-37-c10-outer\">\n<div class=\"d-flex h-flex-basis h-column__inner h-px-lg-2 h-px-md-2 h-px-2 v-inner-lg-2 v-inner-md-2 v-inner-2 style-925 style-local-37-c10 position-relative\" data-colibri-id=\"37-c10\"><br>\n<div class=\"w-100 h-y-container h-column__content h-column__v-align flex-basis-100 align-self-lg-center align-self-md-center align-self-center\">\n<div class=\"d-block style-926 style-local-37-c11 position-relative h-element\" data-colibri-id=\"37-c11\">\n<div class=\"h-image__frame-container-outer\">\n<figure><img decoding=\"async\" width=\"1846\" height=\"2207\" class=\"wp-image-1513 style-926-image style-local-37-c11-image lazyload\" data-src=\"https:\/\/pap.nava-web.de\/wp-content\/uploads\/2025\/09\/cropped-IMG_3290-scaled-1.jpg\" alt=\"\" data-srcset=\"https:\/\/pap.nava-web.de\/wp-content\/uploads\/2025\/09\/cropped-IMG_3290-scaled-1.jpg 1846w, https:\/\/pap.nava-web.de\/wp-content\/uploads\/2025\/09\/cropped-IMG_3290-scaled-1-300x359.jpg 300w, https:\/\/pap.nava-web.de\/wp-content\/uploads\/2025\/09\/cropped-IMG_3290-scaled-1-903x1080.jpg 903w, https:\/\/pap.nava-web.de\/wp-content\/uploads\/2025\/09\/cropped-IMG_3290-scaled-1-768x918.jpg 768w, https:\/\/pap.nava-web.de\/wp-content\/uploads\/2025\/09\/cropped-IMG_3290-scaled-1-1285x1536.jpg 1285w, https:\/\/pap.nava-web.de\/wp-content\/uploads\/2025\/09\/cropped-IMG_3290-scaled-1-1713x2048.jpg 1713w\" data-sizes=\"(max-width: 1846px) 100vw, 1846px\" src=\"data:image\/svg+xml;base64,PHN2ZyB3aWR0aD0iMSIgaGVpZ2h0PSIxIiB4bWxucz0iaHR0cDovL3d3dy53My5vcmcvMjAwMC9zdmciPjwvc3ZnPg==\" style=\"--smush-placeholder-width: 1846px; --smush-placeholder-aspect-ratio: 1846\/2207;\" \/><\/figure><div class=\"h-image__frame-container\"><br><br>\n<div class=\"h-image__frame h-hide-sm style-926-frameImage style-local-37-c11-frameImage\">&nbsp;<\/div>\n<\/div>\n<\/div>\n<\/div>\n<\/div>\n<\/div>\n<\/div>\n<\/div>\n<\/div>\n<\/div>\n<\/div>\n<\/div>","protected":false},"excerpt":{"rendered":"<p>&nbsp; Herzlich Willkommen in meiner&#8222;Regenerations Praxis Online&#8220;. Mein Name ist Kristina Apel. Ich bin examinierte Gesundheits- und Krankenpflegerin sowie Heilpraktikerin und Inhaberin der &#8222;Regenerations Praxis&#8220; in Wiesbaden. Um noch mehr Menschen erreichen zu k\u00f6nnen, biete ich nun die &#8222;Regenerations Praxis Online&#8220; an. Seit rund 20 Jahren arbeite ich im medizinischen Bereich und begleite Patienten individuell [&hellip;]<\/p>","protected":false},"author":1,"featured_media":0,"parent":0,"menu_order":0,"comment_status":"closed","ping_status":"closed","template":"page-templates\/full-width-page.php","meta":{"footnotes":""},"class_list":["post-37","page","type-page","status-publish","hentry"],"yoast_head":"<!-- This site is optimized with the Yoast SEO plugin v27.3 - https:\/\/yoast.com\/product\/yoast-seo-wordpress\/ -->\n<title>Regernerationspraxis<\/title>\n<meta name=\"description\" content=\"Mein Name ist Kristina Apel. Ich bin examinierte Gesundheits- und Krankenpflegerin sowie Heilpraktikerin und Inhaberin der \u201eRegenerations Praxis\u201c in Wiesbaden.\" \/>\n<meta name=\"robots\" content=\"index, follow, max-snippet:-1, max-image-preview:large, max-video-preview:-1\" \/>\n<link rel=\"canonical\" href=\"https:\/\/pap.nava-web.de\/en\/\" \/>\n<meta property=\"og:locale\" content=\"en_GB\" \/>\n<meta property=\"og:type\" content=\"article\" \/>\n<meta property=\"og:title\" content=\"Regernerationspraxis\" \/>\n<meta property=\"og:description\" content=\"Mein Name ist Kristina Apel. Ich bin examinierte Gesundheits- und Krankenpflegerin sowie Heilpraktikerin und Inhaberin der \u201eRegenerations Praxis\u201c in Wiesbaden.\" \/>\n<meta property=\"og:url\" content=\"https:\/\/pap.nava-web.de\/en\/\" \/>\n<meta property=\"og:site_name\" content=\"Regernerationspraxis\" \/>\n<meta property=\"article:modified_time\" content=\"2026-04-06T16:10:46+00:00\" \/>\n<meta property=\"og:image\" content=\"https:\/\/pap.nava-web.de\/wp-content\/uploads\/2025\/09\/cropped-IMG_3290-scaled-1.jpg\" \/>\n\t<meta property=\"og:image:width\" content=\"1846\" \/>\n\t<meta property=\"og:image:height\" content=\"2207\" \/>\n\t<meta property=\"og:image:type\" content=\"image\/jpeg\" \/>\n<meta name=\"twitter:card\" content=\"summary_large_image\" \/>\n<meta name=\"twitter:label1\" content=\"Estimated reading time\" \/>\n\t<meta name=\"twitter:data1\" content=\"1 minute\" \/>\n<script type=\"application\/ld+json\" class=\"yoast-schema-graph\">{\"@context\":\"https:\\\/\\\/schema.org\",\"@graph\":[{\"@type\":\"WebPage\",\"@id\":\"https:\\\/\\\/pap.nava-web.de\\\/\",\"url\":\"https:\\\/\\\/pap.nava-web.de\\\/\",\"name\":\"Regernerationspraxis\",\"isPartOf\":{\"@id\":\"https:\\\/\\\/pap.nava-web.de\\\/#website\"},\"primaryImageOfPage\":{\"@id\":\"https:\\\/\\\/pap.nava-web.de\\\/#primaryimage\"},\"image\":{\"@id\":\"https:\\\/\\\/pap.nava-web.de\\\/#primaryimage\"},\"thumbnailUrl\":\"https:\\\/\\\/pap.nava-web.de\\\/wp-content\\\/uploads\\\/2025\\\/09\\\/cropped-IMG_3290-scaled-1.jpg\",\"datePublished\":\"2024-03-15T09:53:43+00:00\",\"dateModified\":\"2026-04-06T16:10:46+00:00\",\"description\":\"Mein Name ist Kristina Apel. Ich bin examinierte Gesundheits- und Krankenpflegerin sowie Heilpraktikerin und Inhaberin der \u201eRegenerations Praxis\u201c in Wiesbaden.\",\"breadcrumb\":{\"@id\":\"https:\\\/\\\/pap.nava-web.de\\\/#breadcrumb\"},\"inLanguage\":\"en-GB\",\"potentialAction\":[{\"@type\":\"ReadAction\",\"target\":[\"https:\\\/\\\/pap.nava-web.de\\\/\"]}]},{\"@type\":\"ImageObject\",\"inLanguage\":\"en-GB\",\"@id\":\"https:\\\/\\\/pap.nava-web.de\\\/#primaryimage\",\"url\":\"https:\\\/\\\/pap.nava-web.de\\\/wp-content\\\/uploads\\\/2025\\\/09\\\/cropped-IMG_3290-scaled-1.jpg\",\"contentUrl\":\"https:\\\/\\\/pap.nava-web.de\\\/wp-content\\\/uploads\\\/2025\\\/09\\\/cropped-IMG_3290-scaled-1.jpg\"},{\"@type\":\"BreadcrumbList\",\"@id\":\"https:\\\/\\\/pap.nava-web.de\\\/#breadcrumb\",\"itemListElement\":[{\"@type\":\"ListItem\",\"position\":1,\"name\":\"Startseite\",\"item\":\"https:\\\/\\\/pap.nava-web.de\\\/\"},{\"@type\":\"ListItem\",\"position\":2,\"name\":\"Home\"}]},{\"@type\":\"WebSite\",\"@id\":\"https:\\\/\\\/pap.nava-web.de\\\/#website\",\"url\":\"https:\\\/\\\/pap.nava-web.de\\\/\",\"name\":\"Regernerationspraxis\",\"description\":\"Kristina Apel\",\"publisher\":{\"@id\":\"https:\\\/\\\/pap.nava-web.de\\\/#organization\"},\"potentialAction\":[{\"@type\":\"SearchAction\",\"target\":{\"@type\":\"EntryPoint\",\"urlTemplate\":\"https:\\\/\\\/pap.nava-web.de\\\/?s={search_term_string}\"},\"query-input\":{\"@type\":\"PropertyValueSpecification\",\"valueRequired\":true,\"valueName\":\"search_term_string\"}}],\"inLanguage\":\"en-GB\"},{\"@type\":\"Organization\",\"@id\":\"https:\\\/\\\/pap.nava-web.de\\\/#organization\",\"name\":\"Regernerationspraxis\",\"url\":\"https:\\\/\\\/pap.nava-web.de\\\/\",\"logo\":{\"@type\":\"ImageObject\",\"inLanguage\":\"en-GB\",\"@id\":\"https:\\\/\\\/pap.nava-web.de\\\/#\\\/schema\\\/logo\\\/image\\\/\",\"url\":\"https:\\\/\\\/pap.nava-web.de\\\/wp-content\\\/uploads\\\/2025\\\/09\\\/logo-apel-200-r.png\",\"contentUrl\":\"https:\\\/\\\/pap.nava-web.de\\\/wp-content\\\/uploads\\\/2025\\\/09\\\/logo-apel-200-r.png\",\"width\":380,\"height\":200,\"caption\":\"Regernerationspraxis\"},\"image\":{\"@id\":\"https:\\\/\\\/pap.nava-web.de\\\/#\\\/schema\\\/logo\\\/image\\\/\"}}]}<\/script>\n<!-- \/ Yoast SEO plugin. -->","yoast_head_json":{"title":"Regernerationspraxis","description":"Mein Name ist Kristina Apel. Ich bin examinierte Gesundheits- und Krankenpflegerin sowie Heilpraktikerin und Inhaberin der \u201eRegenerations Praxis\u201c in Wiesbaden.","robots":{"index":"index","follow":"follow","max-snippet":"max-snippet:-1","max-image-preview":"max-image-preview:large","max-video-preview":"max-video-preview:-1"},"canonical":"https:\/\/pap.nava-web.de\/en\/","og_locale":"en_GB","og_type":"article","og_title":"Regernerationspraxis","og_description":"Mein Name ist Kristina Apel. Ich bin examinierte Gesundheits- und Krankenpflegerin sowie Heilpraktikerin und Inhaberin der \u201eRegenerations Praxis\u201c in Wiesbaden.","og_url":"https:\/\/pap.nava-web.de\/en\/","og_site_name":"Regernerationspraxis","article_modified_time":"2026-04-06T16:10:46+00:00","og_image":[{"width":1846,"height":2207,"url":"https:\/\/pap.nava-web.de\/wp-content\/uploads\/2025\/09\/cropped-IMG_3290-scaled-1.jpg","type":"image\/jpeg"}],"twitter_card":"summary_large_image","twitter_misc":{"Estimated reading time":"1 minute"},"schema":{"@context":"https:\/\/schema.org","@graph":[{"@type":"WebPage","@id":"https:\/\/pap.nava-web.de\/","url":"https:\/\/pap.nava-web.de\/","name":"Regernerationspraxis","isPartOf":{"@id":"https:\/\/pap.nava-web.de\/#website"},"primaryImageOfPage":{"@id":"https:\/\/pap.nava-web.de\/#primaryimage"},"image":{"@id":"https:\/\/pap.nava-web.de\/#primaryimage"},"thumbnailUrl":"https:\/\/pap.nava-web.de\/wp-content\/uploads\/2025\/09\/cropped-IMG_3290-scaled-1.jpg","datePublished":"2024-03-15T09:53:43+00:00","dateModified":"2026-04-06T16:10:46+00:00","description":"Mein Name ist Kristina Apel. Ich bin examinierte Gesundheits- und Krankenpflegerin sowie Heilpraktikerin und Inhaberin der \u201eRegenerations Praxis\u201c in Wiesbaden.","breadcrumb":{"@id":"https:\/\/pap.nava-web.de\/#breadcrumb"},"inLanguage":"en-GB","potentialAction":[{"@type":"ReadAction","target":["https:\/\/pap.nava-web.de\/"]}]},{"@type":"ImageObject","inLanguage":"en-GB","@id":"https:\/\/pap.nava-web.de\/#primaryimage","url":"https:\/\/pap.nava-web.de\/wp-content\/uploads\/2025\/09\/cropped-IMG_3290-scaled-1.jpg","contentUrl":"https:\/\/pap.nava-web.de\/wp-content\/uploads\/2025\/09\/cropped-IMG_3290-scaled-1.jpg"},{"@type":"BreadcrumbList","@id":"https:\/\/pap.nava-web.de\/#breadcrumb","itemListElement":[{"@type":"ListItem","position":1,"name":"Startseite","item":"https:\/\/pap.nava-web.de\/"},{"@type":"ListItem","position":2,"name":"Home"}]},{"@type":"WebSite","@id":"https:\/\/pap.nava-web.de\/#website","url":"https:\/\/pap.nava-web.de\/","name":"Regernerationspraxis","description":"Kristina Apel","publisher":{"@id":"https:\/\/pap.nava-web.de\/#organization"},"potentialAction":[{"@type":"SearchAction","target":{"@type":"EntryPoint","urlTemplate":"https:\/\/pap.nava-web.de\/?s={search_term_string}"},"query-input":{"@type":"PropertyValueSpecification","valueRequired":true,"valueName":"search_term_string"}}],"inLanguage":"en-GB"},{"@type":"Organization","@id":"https:\/\/pap.nava-web.de\/#organization","name":"Regernerationspraxis","url":"https:\/\/pap.nava-web.de\/","logo":{"@type":"ImageObject","inLanguage":"en-GB","@id":"https:\/\/pap.nava-web.de\/#\/schema\/logo\/image\/","url":"https:\/\/pap.nava-web.de\/wp-content\/uploads\/2025\/09\/logo-apel-200-r.png","contentUrl":"https:\/\/pap.nava-web.de\/wp-content\/uploads\/2025\/09\/logo-apel-200-r.png","width":380,"height":200,"caption":"Regernerationspraxis"},"image":{"@id":"https:\/\/pap.nava-web.de\/#\/schema\/logo\/image\/"}}]}},"_links":{"self":[{"href":"https:\/\/pap.nava-web.de\/en\/wp-json\/wp\/v2\/pages\/37","targetHints":{"allow":["GET"]}}],"collection":[{"href":"https:\/\/pap.nava-web.de\/en\/wp-json\/wp\/v2\/pages"}],"about":[{"href":"https:\/\/pap.nava-web.de\/en\/wp-json\/wp\/v2\/types\/page"}],"author":[{"embeddable":true,"href":"https:\/\/pap.nava-web.de\/en\/wp-json\/wp\/v2\/users\/1"}],"replies":[{"embeddable":true,"href":"https:\/\/pap.nava-web.de\/en\/wp-json\/wp\/v2\/comments?post=37"}],"version-history":[{"count":20,"href":"https:\/\/pap.nava-web.de\/en\/wp-json\/wp\/v2\/pages\/37\/revisions"}],"predecessor-version":[{"id":2387,"href":"https:\/\/pap.nava-web.de\/en\/wp-json\/wp\/v2\/pages\/37\/revisions\/2387"}],"wp:attachment":[{"href":"https:\/\/pap.nava-web.de\/en\/wp-json\/wp\/v2\/media?parent=37"}],"curies":[{"name":"wp","href":"https:\/\/api.w.org\/{rel}","templated":true}]}}